{"id":8724,"date":"2023-01-12T15:29:34","date_gmt":"2023-01-12T15:29:34","guid":{"rendered":"https:\/\/oceanporto.com\/?page_id=8724"},"modified":"2024-04-12T14:48:57","modified_gmt":"2024-04-12T14:48:57","slug":"quarto-vista-jardim","status":"publish","type":"page","link":"https:\/\/oceanporto.com\/en\/quarto-vista-jardim\/","title":{"rendered":"Quarto &#8211; Vista Jardim"},"content":{"rendered":"<div data-elementor-type=\"wp-page\" data-elementor-id=\"8724\" class=\"elementor elementor-8724\">\n\t\t\t\t\t\t\t\t\t<section class=\"elementor-section elementor-top-section elementor-element elementor-element-8ed3901 elementor-section-stretched elementor-section-content-middle elementor-section-height-min-height elementor-section-items-bottom elementor-section-boxed elementor-section-height-default\" data-id=\"8ed3901\" data-element_type=\"section\" data-settings=\"{&quot;stretch_section&quot;:&quot;section-stretched&quot;,&quot;background_background&quot;:&quot;classic&quot;}\">\n\t\t\t\t\t\t\t<div class=\"elementor-background-overlay\"><\/div>\n\t\t\t\t\t\t\t<div class=\"elementor-container elementor-column-gap-default\">\n\t\t\t\t\t<div class=\"elementor-column elementor-col-100 elementor-top-column elementor-element elementor-element-70f70055\" data-id=\"70f70055\" data-element_type=\"column\">\n\t\t\t<div class=\"elementor-widget-wrap elementor-element-populated\">\n\t\t\t\t\t\t\t\t<div class=\"elementor-element elementor-element-43e4f09b elementor-widget elementor-widget-heading\" data-id=\"43e4f09b\" data-element_type=\"widget\" data-widget_type=\"heading.default\">\n\t\t\t\t<div class=\"elementor-widget-container\">\n\t\t\t<style>\/*! elementor - v3.18.0 - 20-12-2023 *\/\n.elementor-heading-title{padding:0;margin:0;line-height:1}.elementor-widget-heading .elementor-heading-title[class*=elementor-size-]>a{color:inherit;font-size:inherit;line-height:inherit}.elementor-widget-heading .elementor-heading-title.elementor-size-small{font-size:15px}.elementor-widget-heading .elementor-heading-title.elementor-size-medium{font-size:19px}.elementor-widget-heading .elementor-heading-title.elementor-size-large{font-size:29px}.elementor-widget-heading .elementor-heading-title.elementor-size-xl{font-size:39px}.elementor-widget-heading .elementor-heading-title.elementor-size-xxl{font-size:59px}<\/style><h1 class=\"elementor-heading-title elementor-size-default\">Garden View<\/h1>\t\t<\/div>\n\t\t\t\t<\/div>\n\t\t\t\t\t<\/div>\n\t\t<\/div>\n\t\t\t\t\t\t\t<\/div>\n\t\t<\/section>\n\t\t\t\t<section class=\"elementor-section elementor-top-section elementor-element elementor-element-2d56ca51 elementor-section-full_width elementor-section-content-middle elementor-section-height-default elementor-section-height-default\" data-id=\"2d56ca51\" data-element_type=\"section\">\n\t\t\t\t\t\t<div class=\"elementor-container elementor-column-gap-default\">\n\t\t\t\t\t<div class=\"elementor-column elementor-col-50 elementor-top-column elementor-element elementor-element-3192337c\" data-id=\"3192337c\" data-element_type=\"column\">\n\t\t\t<div class=\"elementor-widget-wrap elementor-element-populated\">\n\t\t\t\t\t\t\t\t<div class=\"elementor-element elementor-element-99a87bc elementor-widget elementor-widget-image\" data-id=\"99a87bc\" data-element_type=\"widget\" data-widget_type=\"image.default\">\n\t\t\t\t<div class=\"elementor-widget-container\">\n\t\t\t<style>\/*! elementor - v3.18.0 - 20-12-2023 *\/\n.elementor-widget-image{text-align:center}.elementor-widget-image a{display:inline-block}.elementor-widget-image a img[src$=\".svg\"]{width:48px}.elementor-widget-image img{vertical-align:middle;display:inline-block}<\/style>\t\t\t\t\t\t\t\t\t\t\t\t<img fetchpriority=\"high\" decoding=\"async\" width=\"768\" height=\"512\" src=\"https:\/\/oceanporto.com\/wp-content\/uploads\/2022\/12\/OceanPorto-v1_VZXO6433-768x512.jpg\" class=\"attachment-medium_large size-medium_large wp-image-8075\" alt=\"\" srcset=\"https:\/\/oceanporto.com\/wp-content\/uploads\/2022\/12\/OceanPorto-v1_VZXO6433-768x512.jpg 768w, https:\/\/oceanporto.com\/wp-content\/uploads\/2022\/12\/OceanPorto-v1_VZXO6433-600x400.jpg 600w, https:\/\/oceanporto.com\/wp-content\/uploads\/2022\/12\/OceanPorto-v1_VZXO6433-300x200.jpg 300w, https:\/\/oceanporto.com\/wp-content\/uploads\/2022\/12\/OceanPorto-v1_VZXO6433-1024x683.jpg 1024w, https:\/\/oceanporto.com\/wp-content\/uploads\/2022\/12\/OceanPorto-v1_VZXO6433-1536x1024.jpg 1536w, https:\/\/oceanporto.com\/wp-content\/uploads\/2022\/12\/OceanPorto-v1_VZXO6433.jpg 1920w\" sizes=\"(max-width: 768px) 100vw, 768px\" \/>\t\t\t\t\t\t\t\t\t\t\t\t\t\t\t<\/div>\n\t\t\t\t<\/div>\n\t\t\t\t\t<\/div>\n\t\t<\/div>\n\t\t\t\t<div class=\"elementor-column elementor-col-50 elementor-top-column elementor-element elementor-element-33c73ba9\" data-id=\"33c73ba9\" data-element_type=\"column\">\n\t\t\t<div class=\"elementor-widget-wrap elementor-element-populated\">\n\t\t\t\t\t\t\t\t<div class=\"elementor-element elementor-element-676f6c9 elementor-widget elementor-widget-image\" data-id=\"676f6c9\" data-element_type=\"widget\" data-widget_type=\"image.default\">\n\t\t\t\t<div class=\"elementor-widget-container\">\n\t\t\t\t\t\t\t\t\t\t\t\t\t\t\t<img decoding=\"async\" width=\"1024\" height=\"683\" src=\"https:\/\/oceanporto.com\/wp-content\/uploads\/2023\/01\/OP6653-1024x683.jpg\" class=\"attachment-large size-large wp-image-8716\" alt=\"\" srcset=\"https:\/\/oceanporto.com\/wp-content\/uploads\/2023\/01\/OP6653-1024x683.jpg 1024w, https:\/\/oceanporto.com\/wp-content\/uploads\/2023\/01\/OP6653-300x200.jpg 300w, https:\/\/oceanporto.com\/wp-content\/uploads\/2023\/01\/OP6653-768x512.jpg 768w, https:\/\/oceanporto.com\/wp-content\/uploads\/2023\/01\/OP6653-1536x1024.jpg 1536w, https:\/\/oceanporto.com\/wp-content\/uploads\/2023\/01\/OP6653-2048x1365.jpg 2048w, https:\/\/oceanporto.com\/wp-content\/uploads\/2023\/01\/OP6653-18x12.jpg 18w, https:\/\/oceanporto.com\/wp-content\/uploads\/2023\/01\/OP6653-600x400.jpg 600w\" sizes=\"(max-width: 1024px) 100vw, 1024px\" \/>\t\t\t\t\t\t\t\t\t\t\t\t\t\t\t<\/div>\n\t\t\t\t<\/div>\n\t\t\t\t\t<\/div>\n\t\t<\/div>\n\t\t\t\t\t\t\t<\/div>\n\t\t<\/section>\n\t\t\t\t<section class=\"elementor-section elementor-top-section elementor-element elementor-element-79b32e6 elementor-section-boxed elementor-section-height-default elementor-section-height-default\" data-id=\"79b32e6\" data-element_type=\"section\">\n\t\t\t\t\t\t<div class=\"elementor-container elementor-column-gap-default\">\n\t\t\t\t\t<div class=\"elementor-column elementor-col-100 elementor-top-column elementor-element elementor-element-5a5580b\" data-id=\"5a5580b\" data-element_type=\"column\">\n\t\t\t<div class=\"elementor-widget-wrap elementor-element-populated\">\n\t\t\t\t\t\t\t\t<div class=\"elementor-element elementor-element-886ab0b elementor-widget elementor-widget-text-editor\" data-id=\"886ab0b\" data-element_type=\"widget\" data-widget_type=\"text-editor.default\">\n\t\t\t\t<div class=\"elementor-widget-container\">\n\t\t\t<style>\/*! elementor - v3.18.0 - 20-12-2023 *\/\n.elementor-widget-text-editor.elementor-drop-cap-view-stacked .elementor-drop-cap{background-color:#69727d;color:#fff}.elementor-widget-text-editor.elementor-drop-cap-view-framed .elementor-drop-cap{color:#69727d;border:3px solid;background-color:transparent}.elementor-widget-text-editor:not(.elementor-drop-cap-view-default) .elementor-drop-cap{margin-top:8px}.elementor-widget-text-editor:not(.elementor-drop-cap-view-default) .elementor-drop-cap-letter{width:1em;height:1em}.elementor-widget-text-editor .elementor-drop-cap{float:left;text-align:center;line-height:1;font-size:50px}.elementor-widget-text-editor .elementor-drop-cap-letter{display:inline-block}<\/style>\t\t\t\t<p>Experience the comfort of our rooms overlooking the garden and heated pool.<br \/>All rooms have a private bathroom with toiletries, TV and Wi-Fi<\/p>\t\t\t\t\t\t<\/div>\n\t\t\t\t<\/div>\n\t\t\t\t<div class=\"elementor-element elementor-element-492d6a2 elementor-widget elementor-widget-spacer\" data-id=\"492d6a2\" data-element_type=\"widget\" data-widget_type=\"spacer.default\">\n\t\t\t\t<div class=\"elementor-widget-container\">\n\t\t\t<style>\/*! elementor - v3.18.0 - 20-12-2023 *\/\n.elementor-column .elementor-spacer-inner{height:var(--spacer-size)}.e-con{--container-widget-width:100%}.e-con-inner>.elementor-widget-spacer,.e-con>.elementor-widget-spacer{width:var(--container-widget-width,var(--spacer-size));--align-self:var(--container-widget-align-self,initial);--flex-shrink:0}.e-con-inner>.elementor-widget-spacer>.elementor-widget-container,.e-con>.elementor-widget-spacer>.elementor-widget-container{height:100%;width:100%}.e-con-inner>.elementor-widget-spacer>.elementor-widget-container>.elementor-spacer,.e-con>.elementor-widget-spacer>.elementor-widget-container>.elementor-spacer{height:100%}.e-con-inner>.elementor-widget-spacer>.elementor-widget-container>.elementor-spacer>.elementor-spacer-inner,.e-con>.elementor-widget-spacer>.elementor-widget-container>.elementor-spacer>.elementor-spacer-inner{height:var(--container-widget-height,var(--spacer-size))}.e-con-inner>.elementor-widget-spacer.elementor-widget-empty,.e-con>.elementor-widget-spacer.elementor-widget-empty{position:relative;min-height:22px;min-width:22px}.e-con-inner>.elementor-widget-spacer.elementor-widget-empty .elementor-widget-empty-icon,.e-con>.elementor-widget-spacer.elementor-widget-empty .elementor-widget-empty-icon{position:absolute;top:0;bottom:0;left:0;right:0;margin:auto;padding:0;width:22px;height:22px}<\/style>\t\t<div class=\"elementor-spacer\">\n\t\t\t<div class=\"elementor-spacer-inner\"><\/div>\n\t\t<\/div>\n\t\t\t\t<\/div>\n\t\t\t\t<\/div>\n\t\t\t\t\t<\/div>\n\t\t<\/div>\n\t\t\t\t\t\t\t<\/div>\n\t\t<\/section>\n\t\t\t\t<section class=\"elementor-section elementor-top-section elementor-element elementor-element-87ff588 elementor-section-boxed elementor-section-height-default elementor-section-height-default\" data-id=\"87ff588\" data-element_type=\"section\">\n\t\t\t\t\t\t<div class=\"elementor-container elementor-column-gap-default\">\n\t\t\t\t\t<div class=\"elementor-column elementor-col-100 elementor-top-column elementor-element elementor-element-eed0f6c\" data-id=\"eed0f6c\" data-element_type=\"column\">\n\t\t\t<div class=\"elementor-widget-wrap elementor-element-populated\">\n\t\t\t\t\t\t\t\t<div class=\"elementor-element elementor-element-7709b1c9 elementor-widget elementor-widget-shortcode\" data-id=\"7709b1c9\" data-element_type=\"widget\" data-widget_type=\"shortcode.default\">\n\t\t\t\t<div class=\"elementor-widget-container\">\n\t\t\t\t\t<div class=\"elementor-shortcode\"><a href=\"https:\/\/booking.roomraccoon.pt\/ocean-porto\/pt\/\" target=\"_blank\" class=\"RoomRaccoonButton1 RoomRaccoonButton1-pt\" style=\"display: block; width: 30%; margin-left: auto; margin-right: auto; position:relative; font-size:17px; line-height:36px; padding:7px 16px; border:none; border-radius:5px; background:#63c7c7; color:#fff; cursor:pointer; text-decoration:none;\">Booking<\/a><\/div>\n\t\t\t\t<\/div>\n\t\t\t\t<\/div>\n\t\t\t\t\t<\/div>\n\t\t<\/div>\n\t\t\t\t\t\t\t<\/div>\n\t\t<\/section>\n\t\t\t\t\t\t\t<\/div>","protected":false},"excerpt":{"rendered":"<p>Quarto Vista Jardim Experimente o conforto dos nossos quartos com vista para o jardim e piscina aquecida.Todos os quartos contam com casa de banho privativa com produtos de higiene, televis\u00e3o e Wi-Fi Reservar<\/p>","protected":false},"author":2,"featured_media":0,"parent":0,"menu_order":0,"comment_status":"closed","ping_status":"closed","template":"","meta":{"footnotes":""},"class_list":["post-8724","page","type-page","status-publish","hentry"],"yoast_head":"<!-- This site is optimized with the Yoast SEO plugin v21.9.1 - https:\/\/yoast.com\/wordpress\/plugins\/seo\/ -->\n<title>Quartos com vista para o jardim<\/title>\n<meta name=\"description\" content=\"Alguns dos nossos quartos t\u00eam orienta\u00e7\u00e3o a poente, tendo vista para o nosso jardim traseiro, onde pode encontrar uma piscina de \u00e1gua aquecida\" \/>\n<meta name=\"robots\" content=\"index, follow, max-snippet:-1, max-image-preview:large, max-video-preview:-1\" \/>\n<link rel=\"canonical\" href=\"https:\/\/oceanporto.com\/en\/quarto-vista-jardim\/\" \/>\n<meta property=\"og:locale\" content=\"en_GB\" \/>\n<meta property=\"og:type\" content=\"article\" \/>\n<meta property=\"og:title\" content=\"Quartos com vista para o jardim\" \/>\n<meta property=\"og:description\" content=\"Alguns dos nossos quartos t\u00eam orienta\u00e7\u00e3o a poente, tendo vista para o nosso jardim traseiro, onde pode encontrar uma piscina de \u00e1gua aquecida\" \/>\n<meta property=\"og:url\" content=\"https:\/\/oceanporto.com\/en\/quarto-vista-jardim\/\" \/>\n<meta property=\"og:site_name\" content=\"Ocean Porto\" \/>\n<meta property=\"article:modified_time\" content=\"2024-04-12T14:48:57+00:00\" \/>\n<meta property=\"og:image\" content=\"https:\/\/oceanporto.com\/wp-content\/uploads\/2022\/12\/OceanPorto-v1_VZXO6433-768x512.jpg\" \/>\n<meta name=\"twitter:card\" content=\"summary_large_image\" \/>\n<meta name=\"twitter:label1\" content=\"Estimated reading time\" \/>\n\t<meta name=\"twitter:data1\" content=\"1 minute\" \/>\n<script type=\"application\/ld+json\" class=\"yoast-schema-graph\">{\"@context\":\"https:\/\/schema.org\",\"@graph\":[{\"@type\":\"WebPage\",\"@id\":\"https:\/\/oceanporto.com\/quarto-vista-jardim\/\",\"url\":\"https:\/\/oceanporto.com\/quarto-vista-jardim\/\",\"name\":\"Quartos com vista para o jardim\",\"isPartOf\":{\"@id\":\"https:\/\/oceanporto.com\/#website\"},\"datePublished\":\"2023-01-12T15:29:34+00:00\",\"dateModified\":\"2024-04-12T14:48:57+00:00\",\"description\":\"Alguns dos nossos quartos t\u00eam orienta\u00e7\u00e3o a poente, tendo vista para o nosso jardim traseiro, onde pode encontrar uma piscina de \u00e1gua aquecida\",\"breadcrumb\":{\"@id\":\"https:\/\/oceanporto.com\/quarto-vista-jardim\/#breadcrumb\"},\"inLanguage\":\"en-GB\",\"potentialAction\":[{\"@type\":\"ReadAction\",\"target\":[\"https:\/\/oceanporto.com\/quarto-vista-jardim\/\"]}]},{\"@type\":\"BreadcrumbList\",\"@id\":\"https:\/\/oceanporto.com\/quarto-vista-jardim\/#breadcrumb\",\"itemListElement\":[{\"@type\":\"ListItem\",\"position\":1,\"name\":\"In\u00edcio\",\"item\":\"https:\/\/oceanporto.com\/\"},{\"@type\":\"ListItem\",\"position\":2,\"name\":\"Quarto &#8211; Vista Jardim\"}]},{\"@type\":\"WebSite\",\"@id\":\"https:\/\/oceanporto.com\/#website\",\"url\":\"https:\/\/oceanporto.com\/\",\"name\":\"Ocean Porto\",\"description\":\"Beach House\",\"potentialAction\":[{\"@type\":\"SearchAction\",\"target\":{\"@type\":\"EntryPoint\",\"urlTemplate\":\"https:\/\/oceanporto.com\/?s={search_term_string}\"},\"query-input\":\"required name=search_term_string\"}],\"inLanguage\":\"en-GB\"}]}<\/script>\n<!-- \/ Yoast SEO plugin. -->","yoast_head_json":{"title":"Quartos com vista para o jardim","description":"Alguns dos nossos quartos t\u00eam orienta\u00e7\u00e3o a poente, tendo vista para o nosso jardim traseiro, onde pode encontrar uma piscina de \u00e1gua aquecida","robots":{"index":"index","follow":"follow","max-snippet":"max-snippet:-1","max-image-preview":"max-image-preview:large","max-video-preview":"max-video-preview:-1"},"canonical":"https:\/\/oceanporto.com\/en\/quarto-vista-jardim\/","og_locale":"en_GB","og_type":"article","og_title":"Quartos com vista para o jardim","og_description":"Alguns dos nossos quartos t\u00eam orienta\u00e7\u00e3o a poente, tendo vista para o nosso jardim traseiro, onde pode encontrar uma piscina de \u00e1gua aquecida","og_url":"https:\/\/oceanporto.com\/en\/quarto-vista-jardim\/","og_site_name":"Ocean Porto","article_modified_time":"2024-04-12T14:48:57+00:00","og_image":[{"url":"https:\/\/oceanporto.com\/wp-content\/uploads\/2022\/12\/OceanPorto-v1_VZXO6433-768x512.jpg"}],"twitter_card":"summary_large_image","twitter_misc":{"Estimated reading time":"1 minute"},"schema":{"@context":"https:\/\/schema.org","@graph":[{"@type":"WebPage","@id":"https:\/\/oceanporto.com\/quarto-vista-jardim\/","url":"https:\/\/oceanporto.com\/quarto-vista-jardim\/","name":"Quartos com vista para o jardim","isPartOf":{"@id":"https:\/\/oceanporto.com\/#website"},"datePublished":"2023-01-12T15:29:34+00:00","dateModified":"2024-04-12T14:48:57+00:00","description":"Alguns dos nossos quartos t\u00eam orienta\u00e7\u00e3o a poente, tendo vista para o nosso jardim traseiro, onde pode encontrar uma piscina de \u00e1gua aquecida","breadcrumb":{"@id":"https:\/\/oceanporto.com\/quarto-vista-jardim\/#breadcrumb"},"inLanguage":"en-GB","potentialAction":[{"@type":"ReadAction","target":["https:\/\/oceanporto.com\/quarto-vista-jardim\/"]}]},{"@type":"BreadcrumbList","@id":"https:\/\/oceanporto.com\/quarto-vista-jardim\/#breadcrumb","itemListElement":[{"@type":"ListItem","position":1,"name":"In\u00edcio","item":"https:\/\/oceanporto.com\/"},{"@type":"ListItem","position":2,"name":"Quarto &#8211; Vista Jardim"}]},{"@type":"WebSite","@id":"https:\/\/oceanporto.com\/#website","url":"https:\/\/oceanporto.com\/","name":"Ocean Porto","description":"Beach House","potentialAction":[{"@type":"SearchAction","target":{"@type":"EntryPoint","urlTemplate":"https:\/\/oceanporto.com\/?s={search_term_string}"},"query-input":"required name=search_term_string"}],"inLanguage":"en-GB"}]}},"_links":{"self":[{"href":"https:\/\/oceanporto.com\/en\/wp-json\/wp\/v2\/pages\/8724","targetHints":{"allow":["GET"]}}],"collection":[{"href":"https:\/\/oceanporto.com\/en\/wp-json\/wp\/v2\/pages"}],"about":[{"href":"https:\/\/oceanporto.com\/en\/wp-json\/wp\/v2\/types\/page"}],"author":[{"embeddable":true,"href":"https:\/\/oceanporto.com\/en\/wp-json\/wp\/v2\/users\/2"}],"replies":[{"embeddable":true,"href":"https:\/\/oceanporto.com\/en\/wp-json\/wp\/v2\/comments?post=8724"}],"version-history":[{"count":11,"href":"https:\/\/oceanporto.com\/en\/wp-json\/wp\/v2\/pages\/8724\/revisions"}],"predecessor-version":[{"id":8736,"href":"https:\/\/oceanporto.com\/en\/wp-json\/wp\/v2\/pages\/8724\/revisions\/8736"}],"wp:attachment":[{"href":"https:\/\/oceanporto.com\/en\/wp-json\/wp\/v2\/media?parent=8724"}],"curies":[{"name":"wp","href":"https:\/\/api.w.org\/{rel}","templated":true}]}}